{"id":2547,"date":"2012-10-08T11:02:58","date_gmt":"2012-10-08T11:02:58","guid":{"rendered":"http:\/\/old.stjornarskrarfelagid.is\/?post_type=portfolio&#038;p=2547"},"modified":"2012-10-08T11:05:19","modified_gmt":"2012-10-08T11:05:19","slug":"kvotakerfid-orn-palsson-formadur-landsambands-smabataeiganda","status":"publish","type":"page","link":"http:\/\/old.stjornarskrarfelagid.is\/?page_id=2547","title":{"rendered":"Kv\u00f3takerfi\u00f0 &#8211; \u00d6rn P\u00e1lsson forma\u00f0ur landsambands sm\u00e1b\u00e1taeiganda"},"content":{"rendered":"","protected":false},"excerpt":{"rendered":"","protected":false},"author":1,"featured_media":2553,"parent":0,"menu_order":0,"comment_status":"open","ping_status":"open","template":"","meta":{"footnotes":""},"class_list":["post-2547","page","type-page","status-publish","has-post-thumbnail","hentry","entry"],"jetpack_sharing_enabled":true,"jetpack_shortlink":"https:\/\/wp.me\/Pf3GBW-F5","_links":{"self":[{"href":"http:\/\/old.stjornarskrarfelagid.is\/index.php?rest_route=\/wp\/v2\/pages\/2547","targetHints":{"allow":["GET"]}}],"collection":[{"href":"http:\/\/old.stjornarskrarfelagid.is\/index.php?rest_route=\/wp\/v2\/pages"}],"about":[{"href":"http:\/\/old.stjornarskrarfelagid.is\/index.php?rest_route=\/wp\/v2\/types\/page"}],"author":[{"embeddable":true,"href":"http:\/\/old.stjornarskrarfelagid.is\/index.php?rest_route=\/wp\/v2\/users\/1"}],"replies":[{"embeddable":true,"href":"http:\/\/old.stjornarskrarfelagid.is\/index.php?rest_route=%2Fwp%2Fv2%2Fcomments&post=2547"}],"version-history":[{"count":0,"href":"http:\/\/old.stjornarskrarfelagid.is\/index.php?rest_route=\/wp\/v2\/pages\/2547\/revisions"}],"wp:featuredmedia":[{"embeddable":true,"href":"http:\/\/old.stjornarskrarfelagid.is\/index.php?rest_route=\/wp\/v2\/media\/2553"}],"wp:attachment":[{"href":"http:\/\/old.stjornarskrarfelagid.is\/index.php?rest_route=%2Fwp%2Fv2%2Fmedia&parent=2547"}],"curies":[{"name":"wp","href":"https:\/\/api.w.org\/{rel}","templated":true}]}}