{"id":1872,"date":"2012-01-03T15:12:54","date_gmt":"2012-01-03T15:12:54","guid":{"rendered":"http:\/\/localhost\/modernize\/?page_id=4"},"modified":"2023-11-29T02:11:32","modified_gmt":"2023-11-29T02:11:32","slug":"main","status":"publish","type":"page","link":"https:\/\/old.stjornarskrarfelagid.is\/","title":{"rendered":"Fors\u00ed\u00f0a"},"content":{"rendered":"<h2>\u00a0N\u00fdju stj\u00f3rnarskr\u00e1na strax!<\/h2>\n<p>Vi\u00f0 krefjumst \u00feess a\u00f0 Al\u00feingi vir\u00f0i ni\u00f0urst\u00f6\u00f0u \u00fej\u00f3\u00f0aratkv\u00e6\u00f0agrei\u00f0slunnar 20. okt\u00f3ber 2012 og l\u00f6gfesti n\u00fdju stj\u00f3rnarskr\u00e1na. \u00cd kosningunni sam\u00feykktu yfir 2\/3 hlutar kj\u00f3senda a\u00f0 till\u00f6gurnar sem kosi\u00f0 var um skyldu ver\u00f0a grundv\u00f6llur n\u00fdrrar stj\u00f3rnarskr\u00e1r. Till\u00f6gurnar eru heildst\u00e6\u00f0ur samf\u00e9lagss\u00e1ttm\u00e1li, \u00fea\u00f0 er ekki Al\u00feingis a\u00f0 velja og hafna \u00e1kv\u00e6\u00f0um \u00far s\u00e1ttm\u00e1lanum.<\/p>\n<p>\u00dej\u00f3\u00f0in er stj\u00f3rnarskr\u00e1rgjafinn og setur valdh\u00f6fum m\u00f6rk en ekki \u00f6fugt. Vi\u00f0 \u00e6tlum ekki a\u00f0 b\u00ed\u00f0a \u00ed heilan \u00e1ratug eftir a\u00f0 n\u00fdja stj\u00f3rnarskr\u00e1in taki gildi og \u00fev\u00ed krefjumst vi\u00f0 a\u00f0ger\u00f0a strax!<\/p>\n\n\n<figure class=\"wp-block-embed is-type-video is-provider-youtube wp-block-embed-youtube wp-embed-aspect-16-9 wp-has-aspect-ratio\"><div class=\"wp-block-embed__wrapper\">\n<iframe loading=\"lazy\" title=\"Hvert fer au\u00f0lindarentan?\" width=\"750\" height=\"422\" src=\"https:\/\/www.youtube.com\/embed\/4IvwDsDcgJY?feature=oembed\" frameborder=\"0\" allow=\"accelerometer; autoplay; clipboard-write; encrypted-media; gyroscope; picture-in-picture; web-share\" allowfullscreen><\/iframe>\n<\/div><\/figure>\n\n\n\n<figure class=\"wp-block-embed is-type-video is-provider-youtube wp-block-embed-youtube wp-embed-aspect-16-9 wp-has-aspect-ratio\"><div class=\"wp-block-embed__wrapper\">\n<iframe loading=\"lazy\" title=\"Vir\u00f0um n\u00e1tt\u00faruna og l\u00fd\u00f0r\u00e6\u00f0i\u00f0!\" width=\"750\" height=\"422\" src=\"https:\/\/www.youtube.com\/embed\/uBiVDA6FAfg?feature=oembed\" frameborder=\"0\" allow=\"accelerometer; autoplay; clipboard-write; encrypted-media; gyroscope; picture-in-picture; web-share\" allowfullscreen><\/iframe>\n<\/div><\/figure>\n","protected":false},"excerpt":{"rendered":"<p>\u00a0N\u00fdju stj\u00f3rnarskr\u00e1na strax! Vi\u00f0 krefjumst \u00feess a\u00f0 Al\u00feingi vir\u00f0i ni\u00f0urst\u00f6\u00f0u \u00fej\u00f3\u00f0aratkv\u00e6\u00f0agrei\u00f0slunnar 20. okt\u00f3ber 2012 og l\u00f6gfesti n\u00fdju stj\u00f3rnarskr\u00e1na. \u00cd kosningunni sam\u00feykktu yfir 2\/3 hlutar kj\u00f3senda a\u00f0 till\u00f6gurnar sem kosi\u00f0 var um skyldu ver\u00f0a grundv\u00f6llur n\u00fdrrar stj\u00f3rnarskr\u00e1r. Till\u00f6gurnar eru heildst\u00e6\u00f0ur samf\u00e9lagss\u00e1ttm\u00e1li, \u00fea\u00f0 er ekki Al\u00feingis a\u00f0 velja og hafna \u00e1kv\u00e6\u00f0um \u00far s\u00e1ttm\u00e1lanum. \u00dej\u00f3\u00f0in er stj\u00f3rnarskr\u00e1rgjafinn og&hellip; <a class=\"more-link\" href=\"https:\/\/old.stjornarskrarfelagid.is\/\">Continue reading <span class=\"screen-reader-text\">Fors\u00ed\u00f0a<\/span><\/a><\/p>\n","protected":false},"author":1,"featured_media":0,"parent":0,"menu_order":0,"comment_status":"open","ping_status":"open","template":"","meta":{"footnotes":""},"class_list":["post-1872","page","type-page","status-publish","hentry","entry"],"jetpack_sharing_enabled":true,"jetpack_shortlink":"https:\/\/wp.me\/Pf3GBW-uc","_links":{"self":[{"href":"https:\/\/old.stjornarskrarfelagid.is\/index.php?rest_route=\/wp\/v2\/pages\/1872","targetHints":{"allow":["GET"]}}],"collection":[{"href":"https:\/\/old.stjornarskrarfelagid.is\/index.php?rest_route=\/wp\/v2\/pages"}],"about":[{"href":"https:\/\/old.stjornarskrarfelagid.is\/index.php?rest_route=\/wp\/v2\/types\/page"}],"author":[{"embeddable":true,"href":"https:\/\/old.stjornarskrarfelagid.is\/index.php?rest_route=\/wp\/v2\/users\/1"}],"replies":[{"embeddable":true,"href":"https:\/\/old.stjornarskrarfelagid.is\/index.php?rest_route=%2Fwp%2Fv2%2Fcomments&post=1872"}],"version-history":[{"count":4,"href":"https:\/\/old.stjornarskrarfelagid.is\/index.php?rest_route=\/wp\/v2\/pages\/1872\/revisions"}],"predecessor-version":[{"id":3477,"href":"https:\/\/old.stjornarskrarfelagid.is\/index.php?rest_route=\/wp\/v2\/pages\/1872\/revisions\/3477"}],"wp:attachment":[{"href":"https:\/\/old.stjornarskrarfelagid.is\/index.php?rest_route=%2Fwp%2Fv2%2Fmedia&parent=1872"}],"curies":[{"name":"wp","href":"https:\/\/api.w.org\/{rel}","templated":true}]}}