{"id":2041,"date":"2012-08-31T00:21:02","date_gmt":"2012-08-31T00:21:02","guid":{"rendered":"http:\/\/old.stjornarskrarfelagid.is\/?page_id=2041"},"modified":"2012-10-12T13:28:48","modified_gmt":"2012-10-12T13:28:48","slug":"saga-stjornarskrarfelagsins","status":"publish","type":"page","link":"https:\/\/old.stjornarskrarfelagid.is\/?page_id=2041","title":{"rendered":"Saga Stj\u00f3rnarskr\u00e1rf\u00e9lagsins"},"content":{"rendered":"<p>Fyrir \u00a0hrun og \u00ed kj\u00f6lfar hrunsins \u00e1ri\u00f0 2008 ur\u00f0u til h\u00f3par f\u00f3lks sem vildi breytingar \u00ed \u00cdslensku samf\u00e9lagi. \u00deessi h\u00f3par komu saman \u00e1 mismunandi forsendum og \u00e1 mismunandi st\u00f6\u00f0um me\u00f0 \u00fea\u00f0 a\u00f0 markmi\u00f0i a\u00f0 vilja breytingar. Fyrir hrun var\u00f0 til Framt\u00ed\u00f0arlandi\u00f0 og \u00cdslandshreyfingin en b\u00e1\u00f0ar \u00feessar hreyfingar voru stofna\u00f0ar \u00e1 grundvelli n\u00e1tt\u00faruverndar sem kjarnavi\u00f0fangsefni. Eftir hrun var\u00f0 til Borgarahreyfingin \/ Hreyfingin, \u00fej\u00f3\u00f0fundurinn, l\u00fd\u00f0veldisbyltinginn, Hagsmunasamt\u00f6k Heimilana og fleiri h\u00f3par sem spruttu upp \u00far \u00f3\u00e1n\u00e6gju me\u00f0 r\u00edkjandi fyrirkomulag. \u00deeir h\u00f6f\u00f0u \u00fe\u00f6rf fyrir a\u00f0 leggja eitthva\u00f0 af m\u00f6rkum og \u00fe\u00f6rf fyrir a\u00f0 koma \u00e1 nau\u00f0synlegum breytingum til a\u00f0 b\u00e6\u00f0i land, n\u00e1tt\u00fara og \u00fej\u00f3\u00f0 \u00e6tti bjarta framt\u00ed\u00f0 bygg\u00f0a \u00e1 l\u00e6rd\u00f3mi af fort\u00ed\u00f0inni. \u00cd \u00feessum hreyfingum \u00f6llum var\u00f0 til Stj\u00f3rnarskr\u00e1rf\u00e9lagi\u00f0. F\u00e9lagi\u00f0 var \u00ed raun upphaflega fundir nokkura \u00e1hugasamra um stj\u00f3rnarskr\u00e1rm\u00e1l, byggt \u00e1 \u00fdmsum vangaveltum margra um t.d pers\u00f3nufrelsi, valddreyfingu, uppl\u00fdsingafrelsi, n\u00e1tt\u00faruvernd og fl. Sta\u00f0reyndin var nefnilega s\u00fa a\u00f0 allar \u00feessar \u00f3l\u00edku kr\u00f6fur komu saman \u00ed einum og sama \u00fe\u00e6ttinum \u00ed voru samf\u00e9lagi. Stj\u00f3rnarskr\u00e1nni.<\/p>\n<p>Fyrstu fundirnir voru haldnir \u00ed Hugmyndah\u00fasi H\u00e1sk\u00f3lana ni\u00f0ur vi\u00f0 G\u00f6mlu h\u00f6fnina \u00ed Reykjav\u00edk &#8211; \u00ed g\u00f6mlu h\u00fasi \u00fear sem Ellingssen verslunin var \u00e1\u00f0ur til h\u00fasa.<\/p>\n<p>\u00cd framhaldi af miklum fundarh\u00f6ldum um \u00fe\u00e6r lei\u00f0ir sem voru f\u00e6rar til a\u00f0 koma \u00e1 breytingum, var\u00f0 \u00fea\u00f0 snemma lj\u00f3st a\u00f0 \u00fe\u00f6rf v\u00e6ri \u00e1 f\u00e9lagi utan um Stj\u00f3rnarskr\u00e1rm\u00e1l. F\u00e9lagi sem hef\u00f0i \u00fea\u00f0 hlutverk a\u00f0 mi\u00f0la uppl\u00fdsingum, koma \u00e1 sta\u00f0 umr\u00e6\u00f0u \/samr\u00e6\u00f0u \u00ed samf\u00e9laginu, standa fyrir fundum og upp\u00e1komum og standa fyrir hlutlausri uppl\u00fdsingaveitu um m\u00e1lefni er tengdust stj\u00f3rnarskr\u00e1rm\u00e1lum. F\u00e9lagsmenn tr\u00fa\u00f0u \u00fev\u00ed a\u00f0 me\u00f0 \u00fev\u00ed a\u00f0 koma \u00e1 f\u00f3t sl\u00edku f\u00e9lagi v\u00e6ru forsendur fyrir \u00fej\u00f3\u00f0ina til a\u00f0 \u00f6\u00f0last \u00feekkingu og taka afst\u00f6\u00f0u til stj\u00f3rnarskr\u00e1rinnar mun betri og l\u00edkur \u00e1 a\u00f0 \u00fej\u00f3\u00f0in myndi vilja standa sj\u00e1lf \u00e1 bak vi\u00f0 nau\u00f0synlegar breytingar \u00e1 stj\u00f3rnarskr\u00e1nni meiri.<\/p>\n<p>Stofnfundur var haldinn 20.03.2011 \u00ed sal menntask\u00f3lans \u00ed Reykjav\u00edk.\u00a0\u00dear \u00e1 \u00feessum sama sta\u00f0 var \u00dej\u00f3\u00f0fundurinn \u00e1ri\u00f0 1851 haldinn, en konungur afhenti \u00edslendingum eigin stj\u00f3rnarskr\u00e1 \u00e1ri\u00f0 1874 \u00e1 Al\u00feingish\u00e1t\u00ed\u00f0inni \u00e1 \u00deingv\u00f6llum.<\/p>\n","protected":false},"excerpt":{"rendered":"<p>Fyrir \u00a0hrun og \u00ed kj\u00f6lfar hrunsins \u00e1ri\u00f0 2008 ur\u00f0u til h\u00f3par f\u00f3lks sem vildi breytingar \u00ed \u00cdslensku samf\u00e9lagi. \u00deessi h\u00f3par komu saman \u00e1 mismunandi forsendum og \u00e1 mismunandi st\u00f6\u00f0um me\u00f0 \u00fea\u00f0 a\u00f0 markmi\u00f0i a\u00f0 vilja breytingar. Fyrir hrun var\u00f0 til Framt\u00ed\u00f0arlandi\u00f0 og \u00cdslandshreyfingin en b\u00e1\u00f0ar \u00feessar hreyfingar voru stofna\u00f0ar \u00e1 grundvelli n\u00e1tt\u00faruverndar sem kjarnavi\u00f0fangsefni. Eftir&hellip; <a class=\"more-link\" href=\"https:\/\/old.stjornarskrarfelagid.is\/?page_id=2041\">Continue reading <span class=\"screen-reader-text\">Saga Stj\u00f3rnarskr\u00e1rf\u00e9lagsins<\/span><\/a><\/p>\n","protected":false},"author":1,"featured_media":0,"parent":13,"menu_order":0,"comment_status":"open","ping_status":"open","template":"","meta":{"footnotes":""},"class_list":["post-2041","page","type-page","status-publish","hentry","entry"],"jetpack_sharing_enabled":true,"jetpack_shortlink":"https:\/\/wp.me\/Pf3GBW-wV","_links":{"self":[{"href":"https:\/\/old.stjornarskrarfelagid.is\/index.php?rest_route=\/wp\/v2\/pages\/2041","targetHints":{"allow":["GET"]}}],"collection":[{"href":"https:\/\/old.stjornarskrarfelagid.is\/index.php?rest_route=\/wp\/v2\/pages"}],"about":[{"href":"https:\/\/old.stjornarskrarfelagid.is\/index.php?rest_route=\/wp\/v2\/types\/page"}],"author":[{"embeddable":true,"href":"https:\/\/old.stjornarskrarfelagid.is\/index.php?rest_route=\/wp\/v2\/users\/1"}],"replies":[{"embeddable":true,"href":"https:\/\/old.stjornarskrarfelagid.is\/index.php?rest_route=%2Fwp%2Fv2%2Fcomments&post=2041"}],"version-history":[{"count":0,"href":"https:\/\/old.stjornarskrarfelagid.is\/index.php?rest_route=\/wp\/v2\/pages\/2041\/revisions"}],"up":[{"embeddable":true,"href":"https:\/\/old.stjornarskrarfelagid.is\/index.php?rest_route=\/wp\/v2\/pages\/13"}],"wp:attachment":[{"href":"https:\/\/old.stjornarskrarfelagid.is\/index.php?rest_route=%2Fwp%2Fv2%2Fmedia&parent=2041"}],"curies":[{"name":"wp","href":"https:\/\/api.w.org\/{rel}","templated":true}]}}