{"id":2068,"date":"2012-08-31T00:56:35","date_gmt":"2012-08-31T00:56:35","guid":{"rendered":"http:\/\/old.stjornarskrarfelagid.is\/?page_id=2068"},"modified":"2023-08-25T19:07:39","modified_gmt":"2023-08-25T19:07:39","slug":"thjodaratkvaedagreidsla","status":"publish","type":"page","link":"https:\/\/old.stjornarskrarfelagid.is\/?page_id=2068","title":{"rendered":"\u00dej\u00f3\u00f0aratkv\u00e6\u00f0agrei\u00f0sla"},"content":{"rendered":"\n<p class=\"has-small-font-size\">\u00deann 20. okt\u00f3ber 2012 ver\u00f0ur haldin \u00fej\u00f3\u00f0aratkv\u00e6\u00f0agrei\u00f0sla um n\u00fdja stj\u00f3rnarskr\u00e1. \u00cd kosningunum gefst kj\u00f3sendum m\u00f6guleiki \u00e1 a\u00f0 svara eftirfarandi spurningum: <strong>1. Vilt \u00fe\u00fa a\u00f0 till\u00f6gur stj\u00f3rnlagar\u00e1\u00f0s ver\u00f0i lag\u00f0ar til grundvallar frumvarpi a\u00f0 n\u00fdrri stj\u00f3rnarskr\u00e1?<\/strong><\/p>\n\n\n\n<ul class=\"wp-block-list\">\n<li class=\"has-small-font-size\">J\u00e1, \u00e9g vil a\u00f0 till\u00f6gur stj\u00f3rnlagar\u00e1\u00f0s ver\u00f0i lag\u00f0ar til grundvallar frumvarpi a\u00f0 n\u00fdrri stj\u00f3rnarskr\u00e1.<\/li>\n\n\n\n<li class=\"has-small-font-size\">Nei, \u00e9g vil ekki a\u00f0 till\u00f6gur stj\u00f3rnlagar\u00e1\u00f0s ver\u00f0i lag\u00f0ar til grundvallar frumvarpi a\u00f0 n\u00fdrri stj\u00f3rnarskr\u00e1.<\/li>\n<\/ul>\n\n\n\n<p class=\"has-small-font-size\"><strong>2. Vilt \u00fe\u00fa a\u00f0 \u00ed n\u00fdrri stj\u00f3rnarskr\u00e1 ver\u00f0i n\u00e1tt\u00faruau\u00f0lindir sem ekki eru \u00ed einkaeigu l\u00fdstar \u00fej\u00f3\u00f0areign?<\/strong><\/p>\n\n\n\n<ul class=\"wp-block-list\">\n<li><strong>J\u00e1<\/strong><\/li>\n\n\n\n<li><strong>Nei<\/strong><\/li>\n<\/ul>\n\n\n\n<p class=\"has-small-font-size\"><strong>3. Vilt \u00fe\u00fa a\u00f0 \u00ed n\u00fdrri stj\u00f3rnarskr\u00e1 ver\u00f0i \u00e1kv\u00e6\u00f0i um \u00fej\u00f3\u00f0kirkju \u00e1 \u00cdslandi?<\/strong><\/p>\n\n\n\n<ul class=\"wp-block-list\">\n<li>J\u00e1<\/li>\n\n\n\n<li>Nei<\/li>\n<\/ul>\n\n\n\n<p class=\"has-small-font-size\"><strong>4. Vilt \u00fe\u00fa a\u00f0 \u00ed n\u00fdrri stj\u00f3rnarskr\u00e1 ver\u00f0i pers\u00f3nukj\u00f6r \u00ed kosningum til Al\u00feingis heimila\u00f0 \u00ed meira m\u00e6li en n\u00fa er?<\/strong><\/p>\n\n\n\n<ul class=\"wp-block-list\">\n<li>J\u00e1<\/li>\n\n\n\n<li>Nei<\/li>\n<\/ul>\n\n\n\n<p class=\"has-small-font-size\"><strong>5. Vilt \u00fe\u00fa a\u00f0 \u00ed n\u00fdrri stj\u00f3rnarskr\u00e1 ver\u00f0i \u00e1kv\u00e6\u00f0i um a\u00f0 atkv\u00e6\u00f0i kj\u00f3senda alls sta\u00f0ar a\u00f0 af landinu vegi jafnt?<\/strong><\/p>\n\n\n\n<ul class=\"wp-block-list\">\n<li>J\u00e1<\/li>\n\n\n\n<li>Nei<\/li>\n<\/ul>\n\n\n\n<p class=\"has-small-font-size\"><strong>6. Vilt \u00fe\u00fa a\u00f0 \u00ed n\u00fdrri stj\u00f3rnarskr\u00e1 ver\u00f0i \u00e1kv\u00e6\u00f0i um a\u00f0 tilteki\u00f0 hlutfall kosningarb\u00e6rra manna geti krafist \u00feess a\u00f0 m\u00e1l fari \u00ed \u00fej\u00f3\u00f0aratkv\u00e6\u00f0agrei\u00f0slu?<\/strong><\/p>\n\n\n\n<ul class=\"wp-block-list\">\n<li>J\u00e1<\/li>\n\n\n\n<li>Nei<\/li>\n<\/ul>\n\n\n\n<p class=\"has-small-font-size\">Ekki er nau\u00f0synlegt a\u00f0 svara \u00f6llum spurningunum.<\/p>\n\n\n\n<p class=\"has-small-font-size\"><a href=\"http:\/\/www.stjornlagarad.is\/starfid\/frumvarp\/#Adfaraord\" target=\"_blank\" rel=\"noopener\">H\u00e9r er h\u00e6gt a\u00f0 sj\u00e1 till\u00f6gur Stj\u00f3rnlagar\u00e1\u00f0s.<\/a><\/p>\n\n\n\n<p class=\"has-small-font-size\"><a href=\"http:\/\/www.stjornlagarad.is\/other_files\/stjornlagarad\/Frumvarp_med_skyringum.pdf\" target=\"_blank\" rel=\"noopener\">H\u00e9r er h\u00e6gt a\u00f0 sj\u00e1 till\u00f6gurnar \u00e1samt sk\u00fdringum(pdf).<\/a><\/p>\n\n\n\n<p class=\"has-small-font-size\"><a href=\"https:\/\/www.althingi.is\/lagas\/153b\/1944033.html\" data-type=\"link\" data-id=\"https:\/\/www.althingi.is\/lagas\/153b\/1944033.html\" target=\"_blank\" rel=\"noreferrer noopener\">H\u00e9r er h\u00e6gt a\u00f0 sj\u00e1 n\u00faverandi Stj\u00f3rnarskr\u00e1<\/a><a href=\"https:\/\/www.althingi.is\/lagas\/153b\/1944033.html\" data-type=\"link\" data-id=\"https:\/\/www.althingi.is\/lagas\/153b\/1944033.html\">.<\/a><\/p>\n\n\n\n<p><\/p>\n\n\n\n<ul class=\"wp-block-list\">\n<li><a rel=\"noreferrer noopener\" href=\"http:\/\/old.stjornarskrarfelagid.is\/?page_id=2569\" target=\"_blank\">Greinar um kosningar 20 okt.<\/a><\/li>\n\n\n\n<li><a rel=\"noreferrer noopener\" href=\"http:\/\/www.thjodaratkvaedi.is\/2011\/is.html\" target=\"_blank\">\u00dej\u00f3\u00f0aratkv\u00e6\u00f0i \u2013 vefs\u00ed\u00f0a r\u00edkisins<\/a><\/li>\n\n\n\n<li><a href=\"http:\/\/old.stjornarskrarfelagid.is\/?portfolio=myndbond-umraedur-um-kosningarnar&amp;preview_id=3155\" target=\"_blank\" rel=\"noreferrer noopener\">Myndb\u00f6nd \u2013 umr\u00e6\u00f0ur um kosningarnar<\/a><\/li>\n\n\n\n<li><a rel=\"noreferrer noopener\" href=\"http:\/\/old.stjornarskrarfelagid.is\/wp-content\/uploads\/2012\/10\/Kj%C3%B6rse%C3%B0ill_JPG_960x960_q99.jpeg\" target=\"_blank\">Kj\u00f6rse\u00f0illinn \u2013 \u00dej\u00f3\u00f0aratkv\u00e6\u00f0agrei\u00f0sla 2012<\/a><\/li>\n<\/ul>\n","protected":false},"excerpt":{"rendered":"<p>\u00deann 20. okt\u00f3ber 2012 ver\u00f0ur haldin \u00fej\u00f3\u00f0aratkv\u00e6\u00f0agrei\u00f0sla um n\u00fdja stj\u00f3rnarskr\u00e1. \u00cd kosningunum gefst kj\u00f3sendum m\u00f6guleiki \u00e1 a\u00f0 svara eftirfarandi spurningum: 1. Vilt \u00fe\u00fa a\u00f0 till\u00f6gur stj\u00f3rnlagar\u00e1\u00f0s ver\u00f0i lag\u00f0ar til grundvallar frumvarpi a\u00f0 n\u00fdrri stj\u00f3rnarskr\u00e1? 2. Vilt \u00fe\u00fa a\u00f0 \u00ed n\u00fdrri stj\u00f3rnarskr\u00e1 ver\u00f0i n\u00e1tt\u00faruau\u00f0lindir sem ekki eru \u00ed einkaeigu l\u00fdstar \u00fej\u00f3\u00f0areign? 3. Vilt \u00fe\u00fa a\u00f0 \u00ed&hellip; <a class=\"more-link\" href=\"https:\/\/old.stjornarskrarfelagid.is\/?page_id=2068\">Continue reading <span class=\"screen-reader-text\">\u00dej\u00f3\u00f0aratkv\u00e6\u00f0agrei\u00f0sla<\/span><\/a><\/p>\n","protected":false},"author":1,"featured_media":0,"parent":1872,"menu_order":0,"comment_status":"open","ping_status":"open","template":"","meta":{"footnotes":""},"class_list":["post-2068","page","type-page","status-publish","hentry","entry"],"jetpack_sharing_enabled":true,"jetpack_shortlink":"https:\/\/wp.me\/Pf3GBW-xm","_links":{"self":[{"href":"https:\/\/old.stjornarskrarfelagid.is\/index.php?rest_route=\/wp\/v2\/pages\/2068","targetHints":{"allow":["GET"]}}],"collection":[{"href":"https:\/\/old.stjornarskrarfelagid.is\/index.php?rest_route=\/wp\/v2\/pages"}],"about":[{"href":"https:\/\/old.stjornarskrarfelagid.is\/index.php?rest_route=\/wp\/v2\/types\/page"}],"author":[{"embeddable":true,"href":"https:\/\/old.stjornarskrarfelagid.is\/index.php?rest_route=\/wp\/v2\/users\/1"}],"replies":[{"embeddable":true,"href":"https:\/\/old.stjornarskrarfelagid.is\/index.php?rest_route=%2Fwp%2Fv2%2Fcomments&post=2068"}],"version-history":[{"count":6,"href":"https:\/\/old.stjornarskrarfelagid.is\/index.php?rest_route=\/wp\/v2\/pages\/2068\/revisions"}],"predecessor-version":[{"id":3278,"href":"https:\/\/old.stjornarskrarfelagid.is\/index.php?rest_route=\/wp\/v2\/pages\/2068\/revisions\/3278"}],"up":[{"embeddable":true,"href":"https:\/\/old.stjornarskrarfelagid.is\/index.php?rest_route=\/wp\/v2\/pages\/1872"}],"wp:attachment":[{"href":"https:\/\/old.stjornarskrarfelagid.is\/index.php?rest_route=%2Fwp%2Fv2%2Fmedia&parent=2068"}],"curies":[{"name":"wp","href":"https:\/\/api.w.org\/{rel}","templated":true}]}}