{"id":2243,"date":"2012-10-02T13:17:39","date_gmt":"2012-10-02T13:17:39","guid":{"rendered":"http:\/\/old.stjornarskrarfelagid.is\/?page_id=2243"},"modified":"2023-10-31T05:02:10","modified_gmt":"2023-10-31T05:02:10","slug":"natturvernd-audlindanyting-og-ny-stjornarskra-fundir-i-idno","status":"publish","type":"page","link":"https:\/\/old.stjornarskrarfelagid.is\/?page_id=2243","title":{"rendered":"N\u00e1tt\u00farvernd, Au\u00f0lindan\u00fdting og n\u00fd stj\u00f3rnarskr\u00e1"},"content":{"rendered":"<p><a title=\"N\u00e1tt\u00faran og au\u00f0lindirnar \u2013 Gu\u00f0mundur H\u00f6r\u00f0ur Gu\u00f0mundsson\" href=\"http:\/\/old.stjornarskrarfelagid.is\/?portfolio=nullam-mattis\" target=\"_blank\" rel=\"noopener\"><strong>Gu\u00f0mundur H\u00f6r\u00f0ur Gu\u00f0mundsson<\/strong><\/a>, forma\u00f0ur Landverndar<\/p>\n<p><a title=\"N\u00e1tt\u00faran og au\u00f0lindirnar \u2013 Kristinn Einarsson\" href=\"http:\/\/old.stjornarskrarfelagid.is\/?portfolio=amet-sollicitudin-2\" target=\"_blank\" rel=\"noopener\"><strong>Kristinn Einarsson<\/strong><\/a>, yfirverkfr\u00e6\u00f0ingur au\u00f0lindan\u00fdtingar \u00e1 Orkustofnun<\/p>\n<p><a title=\"N\u00e1tt\u00faran og Au\u00f0lindirnar \u2013 Ragna \u00c1rnad\u00f3ttir\" href=\"http:\/\/old.stjornarskrarfelagid.is\/?portfolio=stjornarksrarfelagid\" target=\"_blank\" rel=\"noopener\"><strong>Ragna \u00c1rnad\u00f3ttir<\/strong><\/a>, a\u00f0sto\u00f0arforstj\u00f3ri Landsvirkjunar<\/p>\n<p><a title=\"N\u00e1tt\u00faran og au\u00f0lindirnar \u2013 Svand\u00eds Svavarsd\u00f3ttir\" href=\"http:\/\/old.stjornarskrarfelagid.is\/?portfolio=nullam-pharetra\" target=\"_blank\" rel=\"noopener\"><strong>Svand\u00eds Svavarsd\u00f3ttir<\/strong><\/a>, umhverfisr\u00e1\u00f0herra<\/p>\n<p><a title=\"N\u00e1tt\u00faran og au\u00f0lindirnar \u2013 Sigmundur Einarsson\" href=\"http:\/\/old.stjornarskrarfelagid.is\/?portfolio=justo-malesuada-ullamcorper\" target=\"_blank\" rel=\"noopener\"><strong>Sigmundur Einarsson<\/strong><\/a>, jar\u00f0fr\u00e6\u00f0ingur<\/p>\n\n\n<script type=\"text\/javascript\">if ( ! document.getElementById( \"tpp-styles\" ) ) document.getElementsByTagName( \"head\" )[0].innerHTML += \"<link id='tpp-styles' rel='stylesheet' href='https:\/\/old.stjornarskrarfelagid.is\/wp-content\/plugins\/themify-portfolio-post\/assets\/styles.css' type='text\/css' \/>\";<\/script>\n\n<div class=\"tpp-loop grid2\">\n\n\t\n\t\t<article id=\"post-3140\" class=\"post portfolio-post cat-28 cat-49 cat-32 post-3140 portfolio type-portfolio status-publish has-post-thumbnail hentry portfolio-category-footer portfolio-category-fundir-idno-20112012 portfolio-category-natturuvernd-audlindanyting-og-ny-stjornarskra entry\">\n\n\t\t\t<div class=\"post-image\">\n\t\t\t\t<a href=\"https:\/\/old.stjornarskrarfelagid.is\/?portfolio=stjornarksrarfelagid\"><meta itemprop=\"width\" content=\"474\"><meta itemprop=\"height\" content=\"250\"><meta itemprop=\"url\" content=\"https:\/\/old.stjornarskrarfelagid.is\/wp-content\/uploads\/2012\/08\/Ragna-\u00c1rnad\u00f3ttir1-474x250.jpeg\"><img loading=\"lazy\" decoding=\"async\" src=\"https:\/\/old.stjornarskrarfelagid.is\/wp-content\/uploads\/2012\/08\/Ragna-\u00c1rnad\u00f3ttir1-474x250.jpeg\" width=\"474\" height=\"250\" class=\" wp-post-image wp-image-2200\" alt=\"Ragna \u00c1rnad\u00f3ttir\" \/><\/a>\t\t\t<\/div>\n\t\t\t<div class=\"post-content\">\n\n\t\t\t\t\n\t\t\t\t\t\t\t\t\t <h2 class=\"post-title entry-title\"><a href=\"https:\/\/old.stjornarskrarfelagid.is\/?portfolio=stjornarksrarfelagid\">N\u00e1tt\u00faran og Au\u00f0lindirnar &#8211; Ragna \u00c1rnad\u00f3ttir<\/a> <\/h2>\t\t\t\t\n\t\t\t\t\n\t\t\t\t<div class=\"entry-content\">\n\n\t\t\t\t\t\t\t\t\t\t\t\t\t\t\t\t\n\t\t\t\t<\/div><!-- \/.entry-content -->\n\n\t\t\t<\/div>\n\n            \t\t<\/article>\n\n\t\n\t\t<article id=\"post-3149\" class=\"post portfolio-post cat-28 cat-49 cat-32 post-3149 portfolio type-portfolio status-publish has-post-thumbnail hentry portfolio-category-footer portfolio-category-fundir-idno-20112012 portfolio-category-natturuvernd-audlindanyting-og-ny-stjornarskra entry\">\n\n\t\t\t<div class=\"post-image\">\n\t\t\t\t<a href=\"https:\/\/old.stjornarskrarfelagid.is\/?portfolio=amet-sollicitudin-2\"><meta itemprop=\"width\" content=\"474\"><meta itemprop=\"height\" content=\"250\"><meta itemprop=\"url\" content=\"https:\/\/old.stjornarskrarfelagid.is\/wp-content\/uploads\/2012\/04\/Kristinn-Einarsson1-474x250.jpeg\"><img loading=\"lazy\" decoding=\"async\" src=\"https:\/\/old.stjornarskrarfelagid.is\/wp-content\/uploads\/2012\/04\/Kristinn-Einarsson1-474x250.jpeg\" width=\"474\" height=\"250\" class=\" wp-post-image wp-image-2192\" alt=\"Kristinn Einarsson\" \/><\/a>\t\t\t<\/div>\n\t\t\t<div class=\"post-content\">\n\n\t\t\t\t\n\t\t\t\t\t\t\t\t\t <h2 class=\"post-title entry-title\"><a href=\"https:\/\/old.stjornarskrarfelagid.is\/?portfolio=amet-sollicitudin-2\">N\u00e1tt\u00faran og au\u00f0lindirnar &#8211; Kristinn Einarsson<\/a> <\/h2>\t\t\t\t\n\t\t\t\t\n\t\t\t\t<div class=\"entry-content\">\n\n\t\t\t\t\t\t\t\t\t\t\t\t\t\t\t\t\n\t\t\t\t<\/div><!-- \/.entry-content -->\n\n\t\t\t<\/div>\n\n            \t\t<\/article>\n\n\t\n\t\t<article id=\"post-3150\" class=\"post portfolio-post cat-28 cat-49 cat-32 post-3150 portfolio type-portfolio status-publish has-post-thumbnail hentry portfolio-category-footer portfolio-category-fundir-idno-20112012 portfolio-category-natturuvernd-audlindanyting-og-ny-stjornarskra entry\">\n\n\t\t\t<div class=\"post-image\">\n\t\t\t\t<a href=\"https:\/\/old.stjornarskrarfelagid.is\/?portfolio=nullam-mattis\"><meta itemprop=\"width\" content=\"474\"><meta itemprop=\"height\" content=\"250\"><meta itemprop=\"url\" content=\"https:\/\/old.stjornarskrarfelagid.is\/wp-content\/uploads\/2012\/04\/Gu\u00f0mundur-H\u00f6r\u00f0ur-Gu\u00f0mundsson-474x250.jpeg\"><img loading=\"lazy\" decoding=\"async\" src=\"https:\/\/old.stjornarskrarfelagid.is\/wp-content\/uploads\/2012\/04\/Gu\u00f0mundur-H\u00f6r\u00f0ur-Gu\u00f0mundsson-474x250.jpeg\" width=\"474\" height=\"250\" class=\" wp-post-image wp-image-2197\" alt=\"Gu\u00f0mundur H\u00f6r\u00f0ur Gu\u00f0mundsson\" \/><\/a>\t\t\t<\/div>\n\t\t\t<div class=\"post-content\">\n\n\t\t\t\t\n\t\t\t\t\t\t\t\t\t <h2 class=\"post-title entry-title\"><a href=\"https:\/\/old.stjornarskrarfelagid.is\/?portfolio=nullam-mattis\">N\u00e1tt\u00faran og au\u00f0lindirnar &#8211; Gu\u00f0mundur H\u00f6r\u00f0ur Gu\u00f0mundsson<\/a> <\/h2>\t\t\t\t\n\t\t\t\t\n\t\t\t\t<div class=\"entry-content\">\n\n\t\t\t\t\t\t\t\t\t\t\t\t\t\t\t\t\n\t\t\t\t<\/div><!-- \/.entry-content -->\n\n\t\t\t<\/div>\n\n            \t\t<\/article>\n\n\t\n\t\t<article id=\"post-3151\" class=\"post portfolio-post cat-28 cat-49 cat-32 post-3151 portfolio type-portfolio status-publish has-post-thumbnail hentry portfolio-category-footer portfolio-category-fundir-idno-20112012 portfolio-category-natturuvernd-audlindanyting-og-ny-stjornarskra entry\">\n\n\t\t\t<div class=\"post-image\">\n\t\t\t\t<a href=\"https:\/\/old.stjornarskrarfelagid.is\/?portfolio=nullam-pharetra\"><meta itemprop=\"width\" content=\"474\"><meta itemprop=\"height\" content=\"250\"><meta itemprop=\"url\" content=\"https:\/\/old.stjornarskrarfelagid.is\/wp-content\/uploads\/2012\/04\/Svand\u00eds-Svavarsd\u00f3ttir-474x250.jpeg\"><img loading=\"lazy\" decoding=\"async\" src=\"https:\/\/old.stjornarskrarfelagid.is\/wp-content\/uploads\/2012\/04\/Svand\u00eds-Svavarsd\u00f3ttir-474x250.jpeg\" width=\"474\" height=\"250\" class=\" wp-post-image wp-image-2203\" alt=\"Svand\u00eds Svavarsd\u00f3ttir\" \/><\/a>\t\t\t<\/div>\n\t\t\t<div class=\"post-content\">\n\n\t\t\t\t\n\t\t\t\t\t\t\t\t\t <h2 class=\"post-title entry-title\"><a href=\"https:\/\/old.stjornarskrarfelagid.is\/?portfolio=nullam-pharetra\">N\u00e1tt\u00faran og au\u00f0lindirnar &#8211; Svand\u00eds Svavarsd\u00f3ttir<\/a> <\/h2>\t\t\t\t\n\t\t\t\t\n\t\t\t\t<div class=\"entry-content\">\n\n\t\t\t\t\t\t\t\t\t\t\t\t\t\t\t\t\n\t\t\t\t<\/div><!-- \/.entry-content -->\n\n\t\t\t<\/div>\n\n            \t\t<\/article>\n\n\t\n\t<div class=\"clear\"><\/div>\n\n\t<div class=\"pagenav tf_clearfix\"> <span class=\"number current\">1<\/span>  <a href=\"https:\/\/old.stjornarskrarfelagid.is\/index.php?rest_route=%2Fwp%2Fv2%2Fpages%2F2243&#038;paged=2\" class=\"number\">2<\/a> <\/div>\n<\/div>\n\n\n","protected":false},"excerpt":{"rendered":"<p>Gu\u00f0mundur H\u00f6r\u00f0ur Gu\u00f0mundsson, forma\u00f0ur Landverndar Kristinn Einarsson, yfirverkfr\u00e6\u00f0ingur au\u00f0lindan\u00fdtingar \u00e1 Orkustofnun Ragna \u00c1rnad\u00f3ttir, a\u00f0sto\u00f0arforstj\u00f3ri Landsvirkjunar Svand\u00eds Svavarsd\u00f3ttir, umhverfisr\u00e1\u00f0herra Sigmundur Einarsson, jar\u00f0fr\u00e6\u00f0ingur<\/p>\n","protected":false},"author":1,"featured_media":0,"parent":2178,"menu_order":0,"comment_status":"open","ping_status":"open","template":"","meta":{"footnotes":""},"class_list":["post-2243","page","type-page","status-publish","hentry","entry"],"jetpack_sharing_enabled":true,"jetpack_shortlink":"https:\/\/wp.me\/Pf3GBW-Ab","_links":{"self":[{"href":"https:\/\/old.stjornarskrarfelagid.is\/index.php?rest_route=\/wp\/v2\/pages\/2243","targetHints":{"allow":["GET"]}}],"collection":[{"href":"https:\/\/old.stjornarskrarfelagid.is\/index.php?rest_route=\/wp\/v2\/pages"}],"about":[{"href":"https:\/\/old.stjornarskrarfelagid.is\/index.php?rest_route=\/wp\/v2\/types\/page"}],"author":[{"embeddable":true,"href":"https:\/\/old.stjornarskrarfelagid.is\/index.php?rest_route=\/wp\/v2\/users\/1"}],"replies":[{"embeddable":true,"href":"https:\/\/old.stjornarskrarfelagid.is\/index.php?rest_route=%2Fwp%2Fv2%2Fcomments&post=2243"}],"version-history":[{"count":19,"href":"https:\/\/old.stjornarskrarfelagid.is\/index.php?rest_route=\/wp\/v2\/pages\/2243\/revisions"}],"predecessor-version":[{"id":3375,"href":"https:\/\/old.stjornarskrarfelagid.is\/index.php?rest_route=\/wp\/v2\/pages\/2243\/revisions\/3375"}],"up":[{"embeddable":true,"href":"https:\/\/old.stjornarskrarfelagid.is\/index.php?rest_route=\/wp\/v2\/pages\/2178"}],"wp:attachment":[{"href":"https:\/\/old.stjornarskrarfelagid.is\/index.php?rest_route=%2Fwp%2Fv2%2Fmedia&parent=2243"}],"curies":[{"name":"wp","href":"https:\/\/api.w.org\/{rel}","templated":true}]}}