{"id":2331,"date":"2012-10-03T18:04:58","date_gmt":"2012-10-03T18:04:58","guid":{"rendered":"http:\/\/old.stjornarskrarfelagid.is\/?page_id=2331"},"modified":"2012-10-09T12:42:35","modified_gmt":"2012-10-09T12:42:35","slug":"stjornlog-ungafolksins","status":"publish","type":"page","link":"https:\/\/old.stjornarskrarfelagid.is\/?page_id=2331","title":{"rendered":"Stj\u00f3rnl\u00f6g Ungaf\u00f3lksins"},"content":{"rendered":"<p><a href=\"http:\/\/stjornlog.nwc.is\/\" target=\"_blank\">Stj\u00f3rnl\u00f6g ungaf\u00f3lksins<\/a><\/p>\n<p><a href=\"http:\/\/unicef.is\/stjornlogungafolksins\" target=\"_blank\">Unicef framtaki\u00f0<\/a><\/p>\n","protected":false},"excerpt":{"rendered":"<p>Stj\u00f3rnl\u00f6g ungaf\u00f3lksins Unicef framtaki\u00f0<\/p>\n","protected":false},"author":1,"featured_media":0,"parent":19,"menu_order":0,"comment_status":"open","ping_status":"open","template":"","meta":{"footnotes":""},"class_list":["post-2331","page","type-page","status-publish","hentry","entry"],"jetpack_sharing_enabled":true,"jetpack_shortlink":"https:\/\/wp.me\/Pf3GBW-BB","_links":{"self":[{"href":"https:\/\/old.stjornarskrarfelagid.is\/index.php?rest_route=\/wp\/v2\/pages\/2331","targetHints":{"allow":["GET"]}}],"collection":[{"href":"https:\/\/old.stjornarskrarfelagid.is\/index.php?rest_route=\/wp\/v2\/pages"}],"about":[{"href":"https:\/\/old.stjornarskrarfelagid.is\/index.php?rest_route=\/wp\/v2\/types\/page"}],"author":[{"embeddable":true,"href":"https:\/\/old.stjornarskrarfelagid.is\/index.php?rest_route=\/wp\/v2\/users\/1"}],"replies":[{"embeddable":true,"href":"https:\/\/old.stjornarskrarfelagid.is\/index.php?rest_route=%2Fwp%2Fv2%2Fcomments&post=2331"}],"version-history":[{"count":0,"href":"https:\/\/old.stjornarskrarfelagid.is\/index.php?rest_route=\/wp\/v2\/pages\/2331\/revisions"}],"up":[{"embeddable":true,"href":"https:\/\/old.stjornarskrarfelagid.is\/index.php?rest_route=\/wp\/v2\/pages\/19"}],"wp:attachment":[{"href":"https:\/\/old.stjornarskrarfelagid.is\/index.php?rest_route=%2Fwp%2Fv2%2Fmedia&parent=2331"}],"curies":[{"name":"wp","href":"https:\/\/api.w.org\/{rel}","templated":true}]}}