{"id":2517,"date":"2012-10-08T10:31:01","date_gmt":"2012-10-08T10:31:01","guid":{"rendered":"http:\/\/old.stjornarskrarfelagid.is\/?page_id=2517"},"modified":"2023-10-31T05:13:01","modified_gmt":"2023-10-31T05:13:01","slug":"stjornmalaspilling-og-nyja-stjornarskrainn","status":"publish","type":"page","link":"https:\/\/old.stjornarskrarfelagid.is\/?page_id=2517","title":{"rendered":"Stj\u00f3rnm\u00e1laspilling og n\u00fdja stj\u00f3rnarskr\u00e1inn"},"content":{"rendered":"\n<script type=\"text\/javascript\">if ( ! document.getElementById( \"tpp-styles\" ) ) document.getElementsByTagName( \"head\" )[0].innerHTML += \"<link id='tpp-styles' rel='stylesheet' href='https:\/\/old.stjornarskrarfelagid.is\/wp-content\/plugins\/themify-portfolio-post\/assets\/styles.css' type='text\/css' \/>\";<\/script>\n\n<div class=\"tpp-loop grid2\">\n\n\t\n\t\t<article id=\"post-3172\" class=\"post portfolio-post cat-49 cat-52 post-3172 portfolio type-portfolio status-publish has-post-thumbnail hentry portfolio-category-fundir-idno-20112012 portfolio-category-stjornmalaspilling-og-nyja-stjornarskrain entry\">\n\n\t\t\t<div class=\"post-image\">\n\t\t\t\t<a href=\"https:\/\/old.stjornarskrarfelagid.is\/?portfolio=spurningar-og-svor-1\"><meta itemprop=\"width\" content=\"474\"><meta itemprop=\"height\" content=\"250\"><meta itemprop=\"url\" content=\"https:\/\/old.stjornarskrarfelagid.is\/wp-content\/uploads\/2012\/10\/Spilling-474x250.jpeg\"><img loading=\"lazy\" decoding=\"async\" src=\"https:\/\/old.stjornarskrarfelagid.is\/wp-content\/uploads\/2012\/10\/Spilling-474x250.jpeg\" width=\"474\" height=\"250\" class=\" wp-post-image wp-image-2541\" alt=\"Spilling\" \/><\/a>\t\t\t<\/div>\n\t\t\t<div class=\"post-content\">\n\n\t\t\t\t\n\t\t\t\t\t\t\t\t\t <h2 class=\"post-title entry-title\"><a href=\"https:\/\/old.stjornarskrarfelagid.is\/?portfolio=spurningar-og-svor-1\">Stj\u00f3rnm\u00e1laspilling &#8211; Spurningar og Sv\u00f6r 1<\/a> <\/h2>\t\t\t\t\n\t\t\t\t\n\t\t\t\t<div class=\"entry-content\">\n\n\t\t\t\t\t\t\t\t\t\t\t\t\t\t\t\t\n\t\t\t\t<\/div><!-- \/.entry-content -->\n\n\t\t\t<\/div>\n\n            \t\t<\/article>\n\n\t\n\t\t<article id=\"post-3171\" class=\"post portfolio-post cat-28 cat-49 cat-52 post-3171 portfolio type-portfolio status-publish has-post-thumbnail hentry portfolio-category-footer portfolio-category-fundir-idno-20112012 portfolio-category-stjornmalaspilling-og-nyja-stjornarskrain entry\">\n\n\t\t\t<div class=\"post-image\">\n\t\t\t\t<a href=\"https:\/\/old.stjornarskrarfelagid.is\/?portfolio=stjornmalaspilling-gudlaug-kristjansdottir\"><meta itemprop=\"width\" content=\"474\"><meta itemprop=\"height\" content=\"250\"><meta itemprop=\"url\" content=\"https:\/\/old.stjornarskrarfelagid.is\/wp-content\/uploads\/2012\/10\/Gu\u00f0laug-Kristj\u00e1nsd\u00f3ttir-474x250.jpeg\"><img loading=\"lazy\" decoding=\"async\" src=\"https:\/\/old.stjornarskrarfelagid.is\/wp-content\/uploads\/2012\/10\/Gu\u00f0laug-Kristj\u00e1nsd\u00f3ttir-474x250.jpeg\" width=\"474\" height=\"250\" class=\" wp-post-image wp-image-2538\" alt=\"Gu\u00f0laug Kristj\u00e1nsd\u00f3ttir\" \/><\/a>\t\t\t<\/div>\n\t\t\t<div class=\"post-content\">\n\n\t\t\t\t\n\t\t\t\t\t\t\t\t\t <h2 class=\"post-title entry-title\"><a href=\"https:\/\/old.stjornarskrarfelagid.is\/?portfolio=stjornmalaspilling-gudlaug-kristjansdottir\">Stj\u00f3rnm\u00e1laspilling &#8211; Gu\u00f0laug Kristj\u00e1nsd\u00f3ttir<\/a> <\/h2>\t\t\t\t\n\t\t\t\t\n\t\t\t\t<div class=\"entry-content\">\n\n\t\t\t\t\t\t\t\t\t\t\t\t\t\t\t\t\n\t\t\t\t<\/div><!-- \/.entry-content -->\n\n\t\t\t<\/div>\n\n            \t\t<\/article>\n\n\t\n\t\t<article id=\"post-3170\" class=\"post portfolio-post cat-28 cat-49 cat-52 post-3170 portfolio type-portfolio status-publish has-post-thumbnail hentry portfolio-category-footer portfolio-category-fundir-idno-20112012 portfolio-category-stjornmalaspilling-og-nyja-stjornarskrain entry\">\n\n\t\t\t<div class=\"post-image\">\n\t\t\t\t<a href=\"https:\/\/old.stjornarskrarfelagid.is\/?portfolio=stjornmalaspilling-ingi-freyr-vilhjalmsson\"><meta itemprop=\"width\" content=\"474\"><meta itemprop=\"height\" content=\"250\"><meta itemprop=\"url\" content=\"https:\/\/old.stjornarskrarfelagid.is\/wp-content\/uploads\/2012\/10\/Ingi-Freyr-Vilhj\u00e1lmsson-474x250.jpeg\"><img loading=\"lazy\" decoding=\"async\" src=\"https:\/\/old.stjornarskrarfelagid.is\/wp-content\/uploads\/2012\/10\/Ingi-Freyr-Vilhj\u00e1lmsson-474x250.jpeg\" width=\"474\" height=\"250\" class=\" wp-post-image wp-image-2535\" alt=\"Ingi Freyr Vilhj\u00e1lmsson\" \/><\/a>\t\t\t<\/div>\n\t\t\t<div class=\"post-content\">\n\n\t\t\t\t\n\t\t\t\t\t\t\t\t\t <h2 class=\"post-title entry-title\"><a href=\"https:\/\/old.stjornarskrarfelagid.is\/?portfolio=stjornmalaspilling-ingi-freyr-vilhjalmsson\">Stj\u00f3rnm\u00e1laspilling &#8211; Ingi Freyr Vilhj\u00e1lmsson<\/a> <\/h2>\t\t\t\t\n\t\t\t\t\n\t\t\t\t<div class=\"entry-content\">\n\n\t\t\t\t\t\t\t\t\t\t\t\t\t\t\t\t\n\t\t\t\t<\/div><!-- \/.entry-content -->\n\n\t\t\t<\/div>\n\n            \t\t<\/article>\n\n\t\n\t\t<article id=\"post-3169\" class=\"post portfolio-post cat-28 cat-49 cat-52 post-3169 portfolio type-portfolio status-publish has-post-thumbnail hentry portfolio-category-footer portfolio-category-fundir-idno-20112012 portfolio-category-stjornmalaspilling-og-nyja-stjornarskrain entry\">\n\n\t\t\t<div class=\"post-image\">\n\t\t\t\t<a href=\"https:\/\/old.stjornarskrarfelagid.is\/?portfolio=stjornmalaspilling-thorvaldur-gylfason\"><meta itemprop=\"width\" content=\"474\"><meta itemprop=\"height\" content=\"250\"><meta itemprop=\"url\" content=\"https:\/\/old.stjornarskrarfelagid.is\/wp-content\/uploads\/2012\/10\/Thorvaldur-Gylfason1-474x250.jpeg\"><img loading=\"lazy\" decoding=\"async\" src=\"https:\/\/old.stjornarskrarfelagid.is\/wp-content\/uploads\/2012\/10\/Thorvaldur-Gylfason1-474x250.jpeg\" width=\"474\" height=\"250\" class=\" wp-post-image wp-image-2543\" alt=\"Thorvaldur Gylfason\" \/><\/a>\t\t\t<\/div>\n\t\t\t<div class=\"post-content\">\n\n\t\t\t\t\n\t\t\t\t\t\t\t\t\t <h2 class=\"post-title entry-title\"><a href=\"https:\/\/old.stjornarskrarfelagid.is\/?portfolio=stjornmalaspilling-thorvaldur-gylfason\">Stj\u00f3rnm\u00e1laspilling &#8211; \u00deorvaldur Gylfason<\/a> <\/h2>\t\t\t\t\n\t\t\t\t\n\t\t\t\t<div class=\"entry-content\">\n\n\t\t\t\t\t\t\t\t\t\t\t\t\t\t\t\t\n\t\t\t\t<\/div><!-- \/.entry-content -->\n\n\t\t\t<\/div>\n\n            \t\t<\/article>\n\n\t\n\t<div class=\"clear\"><\/div>\n\n\t<div class=\"pagenav tf_clearfix\"> <span class=\"number current\">1<\/span>  <a href=\"https:\/\/old.stjornarskrarfelagid.is\/index.php?rest_route=%2Fwp%2Fv2%2Fpages%2F2517&#038;paged=2\" class=\"number\">2<\/a> <\/div>\n<\/div>\n\n\n","protected":false},"excerpt":{"rendered":"","protected":false},"author":1,"featured_media":0,"parent":2178,"menu_order":0,"comment_status":"open","ping_status":"open","template":"","meta":{"footnotes":""},"class_list":["post-2517","page","type-page","status-publish","hentry","entry"],"jetpack_sharing_enabled":true,"jetpack_shortlink":"https:\/\/wp.me\/Pf3GBW-EB","_links":{"self":[{"href":"https:\/\/old.stjornarskrarfelagid.is\/index.php?rest_route=\/wp\/v2\/pages\/2517","targetHints":{"allow":["GET"]}}],"collection":[{"href":"https:\/\/old.stjornarskrarfelagid.is\/index.php?rest_route=\/wp\/v2\/pages"}],"about":[{"href":"https:\/\/old.stjornarskrarfelagid.is\/index.php?rest_route=\/wp\/v2\/types\/page"}],"author":[{"embeddable":true,"href":"https:\/\/old.stjornarskrarfelagid.is\/index.php?rest_route=\/wp\/v2\/users\/1"}],"replies":[{"embeddable":true,"href":"https:\/\/old.stjornarskrarfelagid.is\/index.php?rest_route=%2Fwp%2Fv2%2Fcomments&post=2517"}],"version-history":[{"count":1,"href":"https:\/\/old.stjornarskrarfelagid.is\/index.php?rest_route=\/wp\/v2\/pages\/2517\/revisions"}],"predecessor-version":[{"id":3387,"href":"https:\/\/old.stjornarskrarfelagid.is\/index.php?rest_route=\/wp\/v2\/pages\/2517\/revisions\/3387"}],"up":[{"embeddable":true,"href":"https:\/\/old.stjornarskrarfelagid.is\/index.php?rest_route=\/wp\/v2\/pages\/2178"}],"wp:attachment":[{"href":"https:\/\/old.stjornarskrarfelagid.is\/index.php?rest_route=%2Fwp%2Fv2%2Fmedia&parent=2517"}],"curies":[{"name":"wp","href":"https:\/\/api.w.org\/{rel}","templated":true}]}}