{"id":2607,"date":"2012-10-08T16:50:24","date_gmt":"2012-10-08T16:50:24","guid":{"rendered":"http:\/\/old.stjornarskrarfelagid.is\/?page_id=2607"},"modified":"2012-10-09T12:32:47","modified_gmt":"2012-10-09T12:32:47","slug":"erlendar-sidur-um-stjornarskrarmal","status":"publish","type":"page","link":"https:\/\/old.stjornarskrarfelagid.is\/?page_id=2607","title":{"rendered":"Erlendar vefir um stj\u00f3rnarskr\u00e1rm\u00e1l"},"content":{"rendered":"<ul>\n<li><a title=\"Constitution Making \" href=\"http:\/\/www.constitutionmaking.org\/\" target=\"_blank\">Constitution Making<\/a><\/li>\n<li><a title=\"Supporting Constitution Builders Globally\" href=\"http:\/\/www.constitutionnet.org\/en\/welcome\" target=\"_blank\">ConstitutionNet<\/a><\/li>\n<li><a title=\"UNRL \u2013 Constitution Making\" href=\"http:\/\/www.unrol.org\/article.aspx?article_id=31\" target=\"_blank\">UNRL \u2013 Constitution Making<\/a><\/li>\n<\/ul>\n","protected":false},"excerpt":{"rendered":"<p>Constitution Making ConstitutionNet UNRL \u2013 Constitution Making<\/p>\n","protected":false},"author":1,"featured_media":0,"parent":19,"menu_order":0,"comment_status":"open","ping_status":"open","template":"","meta":{"footnotes":""},"class_list":["post-2607","page","type-page","status-publish","hentry","entry"],"jetpack_sharing_enabled":true,"jetpack_shortlink":"https:\/\/wp.me\/Pf3GBW-G3","_links":{"self":[{"href":"https:\/\/old.stjornarskrarfelagid.is\/index.php?rest_route=\/wp\/v2\/pages\/2607","targetHints":{"allow":["GET"]}}],"collection":[{"href":"https:\/\/old.stjornarskrarfelagid.is\/index.php?rest_route=\/wp\/v2\/pages"}],"about":[{"href":"https:\/\/old.stjornarskrarfelagid.is\/index.php?rest_route=\/wp\/v2\/types\/page"}],"author":[{"embeddable":true,"href":"https:\/\/old.stjornarskrarfelagid.is\/index.php?rest_route=\/wp\/v2\/users\/1"}],"replies":[{"embeddable":true,"href":"https:\/\/old.stjornarskrarfelagid.is\/index.php?rest_route=%2Fwp%2Fv2%2Fcomments&post=2607"}],"version-history":[{"count":0,"href":"https:\/\/old.stjornarskrarfelagid.is\/index.php?rest_route=\/wp\/v2\/pages\/2607\/revisions"}],"up":[{"embeddable":true,"href":"https:\/\/old.stjornarskrarfelagid.is\/index.php?rest_route=\/wp\/v2\/pages\/19"}],"wp:attachment":[{"href":"https:\/\/old.stjornarskrarfelagid.is\/index.php?rest_route=%2Fwp%2Fv2%2Fmedia&parent=2607"}],"curies":[{"name":"wp","href":"https:\/\/api.w.org\/{rel}","templated":true}]}}